{"id":12,"date":"2026-03-17T11:56:49","date_gmt":"2026-03-17T11:56:49","guid":{"rendered":"https:\/\/elramos.ee\/teenused\/"},"modified":"2026-03-17T15:44:25","modified_gmt":"2026-03-17T15:44:25","slug":"teenused","status":"publish","type":"page","link":"https:\/\/elramos.ee\/fi\/teenused\/","title":{"rendered":"Palvelut"},"content":{"rendered":"<h2>Palvelumme<\/h2>\n<p>Elramos O\u00dc tarjoaa laajan valikoiman ammattimaisia talouspalveluja yrityksille Virossa ja Suomessa. Alta l\u00f6yd\u00e4t yleiskatsauksen t\u00e4rkeimmist\u00e4 palveluistamme.<\/p>\n<h3>Kirjanpito<\/h3>\n<p>P\u00e4ivitt\u00e4inen kirjanpito ja tositteiden k\u00e4sittely Viron ja kansainv\u00e4listen standardien mukaisesti. K\u00e4yt\u00e4mme nykyaikaisia pilvipohjaisia ratkaisuja.<\/p>\n<h3>Palkanlaskenta<\/h3>\n<p>Tarkka palkkojen, lomarahojen ja sairauskorvausten laskenta sek\u00e4 asianmukainen veroilmoitus. Huolehdimme my\u00f6s TSD-ilmoituksista.<\/p>\n<h3>Verot ja ilmoitukset<\/h3>\n<p>ALV-, TSD- ja muiden valtion ilmoitusten oikea-aikainen ja virheet\u00f6n j\u00e4tt\u00e4minen. Autamme optimoimaan verotaakkaa laillisesti.<\/p>\n<h3>Tilinp\u00e4\u00e4t\u00f6sten laatiminen<\/h3>\n<p>Virheett\u00f6m\u00e4t ja lainmukaiset tilinp\u00e4\u00e4t\u00f6kset kaupparekisteriin j\u00e4tett\u00e4v\u00e4ksi.<\/p>\n<h3>Aiempien kausien korjaaminen<\/h3>\n<p>Autamme palauttamaan ja korjaamaan puutteellisen tai tekem\u00e4tt\u00f6m\u00e4n kirjanpidon aiemmilta kausilta.<\/p>\n<h3>Yrityksen perustaminen ja arvonlis\u00e4verovelvolliseksi rekister\u00f6ityminen<\/h3>\n<p>Konsultointi ja apu uusien yritysten perustamisessa sek\u00e4 arvonlis\u00e4verovelvolliseksi rekister\u00f6itymisess\u00e4.<\/p>\n<h3>Suomen kirjanpitopalvelut<\/h3>\n<p>Erityinen kirjanpito ja verolaskenta Suomen markkinoilla toimiville virolaisille yrityksille.<\/p>\n<p><strong>Pyyd\u00e4 henkil\u00f6kohtainen tarjous<\/strong> \u2014 ota yhteytt\u00e4, niin l\u00f6yd\u00e4mme sinulle sopivan ratkaisun!<\/p>","protected":false},"excerpt":{"rendered":"<p>Kaikki talouspalvelut yhdest\u00e4 paikasta \u2014 kirjanpidosta yrityksen perustamiseen.<\/p>","protected":false},"author":0,"featured_media":0,"parent":0,"menu_order":0,"comment_status":"closed","ping_status":"closed","template":"page-templates\/template-services-overview.php","meta":{"_acf_changed":false,"footnotes":""},"class_list":["post-12","page","type-page","status-publish","hentry"],"acf":[],"_links":{"self":[{"href":"https:\/\/elramos.ee\/fi\/wp-json\/wp\/v2\/pages\/12","targetHints":{"allow":["GET"]}}],"collection":[{"href":"https:\/\/elramos.ee\/fi\/wp-json\/wp\/v2\/pages"}],"about":[{"href":"https:\/\/elramos.ee\/fi\/wp-json\/wp\/v2\/types\/page"}],"replies":[{"embeddable":true,"href":"https:\/\/elramos.ee\/fi\/wp-json\/wp\/v2\/comments?post=12"}],"version-history":[{"count":1,"href":"https:\/\/elramos.ee\/fi\/wp-json\/wp\/v2\/pages\/12\/revisions"}],"predecessor-version":[{"id":50,"href":"https:\/\/elramos.ee\/fi\/wp-json\/wp\/v2\/pages\/12\/revisions\/50"}],"wp:attachment":[{"href":"https:\/\/elramos.ee\/fi\/wp-json\/wp\/v2\/media?parent=12"}],"curies":[{"name":"wp","href":"https:\/\/api.w.org\/{rel}","templated":true}]}}