{"id":13,"date":"2026-03-17T11:56:49","date_gmt":"2026-03-17T11:56:49","guid":{"rendered":"https:\/\/elramos.ee\/teenused\/raamatupidamine\/"},"modified":"2026-03-17T14:45:26","modified_gmt":"2026-03-17T14:45:26","slug":"raamatupidamine","status":"publish","type":"page","link":"https:\/\/elramos.ee\/fi\/teenused\/raamatupidamine\/","title":{"rendered":"Kirjanpito"},"content":{"rendered":"<h2>Ammattimainen kirjanpitopalvelu<\/h2>\n<p>Elramos O\u00dc tarjoaa p\u00e4ivitt\u00e4ist\u00e4 kirjanpitopalvelua, joka kattaa koko taloushallinnon kierron tositteiden kirjaamisesta loppuraportteihin. K\u00e4yt\u00e4mme nykyaikaisia pilvipohjaisia ratkaisuja, jotka tarjoavat teille reaaliaikaisen katsauksen yrityksen talousasioihin.<\/p>\n<h3>Mit\u00e4 palvelu sis\u00e4lt\u00e4\u00e4?<\/h3>\n<ul>\n<li>Tositteiden vastaanotto ja k\u00e4sittely<\/li>\n<li>Ostolaskujen ja myyntilaskujen kirjaaminen<\/li>\n<li>Tiliotteiden k\u00e4sittely ja tilien saldojen seuranta<\/li>\n<li>K\u00e4ytt\u00f6omaisuuden laskenta ja poistot<\/li>\n<li>Kuukausiraporttien laatiminen ja j\u00e4tt\u00e4minen<\/li>\n<li>Taseen ja tuloslaskelman laatiminen<\/li>\n<li>Yhteydenpito Vero- ja tullivirastoon<\/li>\n<\/ul>\n<h3>Kenelle palvelu sopii?<\/h3>\n<p>Palvelu sopii sek\u00e4 aloittaville yrityksille ett\u00e4 jo toimiville yrityksille, jotka haluavat antaa kirjanpitonsa ammattimaisen kumppanin k\u00e4siin. Tarjoamme joustavia ratkaisuja sek\u00e4 pienille ett\u00e4 keskikokoisille yrityksille.<\/p>\n<p>Lains\u00e4\u00e4d\u00e4nn\u00f6n noudattaminen on prioriteettimme. Seuraamme jatkuvasti veromuutoksia ja kirjanpitostandardeja, jotta yrityksenne on aina voimassa olevien vaatimusten mukainen.<\/p>","protected":false},"excerpt":{"rendered":"<p>P\u00e4ivitt\u00e4inen kirjanpito ja tositteiden k\u00e4sittely Viron ja kansainv\u00e4listen standardien mukaisesti.<\/p>","protected":false},"author":0,"featured_media":0,"parent":12,"menu_order":0,"comment_status":"closed","ping_status":"closed","template":"page-templates\/template-service.php","meta":{"_acf_changed":false,"footnotes":""},"class_list":["post-13","page","type-page","status-publish","hentry"],"acf":[],"_links":{"self":[{"href":"https:\/\/elramos.ee\/fi\/wp-json\/wp\/v2\/pages\/13","targetHints":{"allow":["GET"]}}],"collection":[{"href":"https:\/\/elramos.ee\/fi\/wp-json\/wp\/v2\/pages"}],"about":[{"href":"https:\/\/elramos.ee\/fi\/wp-json\/wp\/v2\/types\/page"}],"replies":[{"embeddable":true,"href":"https:\/\/elramos.ee\/fi\/wp-json\/wp\/v2\/comments?post=13"}],"version-history":[{"count":1,"href":"https:\/\/elramos.ee\/fi\/wp-json\/wp\/v2\/pages\/13\/revisions"}],"predecessor-version":[{"id":40,"href":"https:\/\/elramos.ee\/fi\/wp-json\/wp\/v2\/pages\/13\/revisions\/40"}],"up":[{"embeddable":true,"href":"https:\/\/elramos.ee\/fi\/wp-json\/wp\/v2\/pages\/12"}],"wp:attachment":[{"href":"https:\/\/elramos.ee\/fi\/wp-json\/wp\/v2\/media?parent=13"}],"curies":[{"name":"wp","href":"https:\/\/api.w.org\/{rel}","templated":true}]}}