{"id":14,"date":"2026-03-17T11:56:50","date_gmt":"2026-03-17T11:56:50","guid":{"rendered":"https:\/\/elramos.ee\/teenused\/tootasude-arvestus\/"},"modified":"2026-03-17T14:45:26","modified_gmt":"2026-03-17T14:45:26","slug":"tootasude-arvestus","status":"publish","type":"page","link":"https:\/\/elramos.ee\/fi\/teenused\/tootasude-arvestus\/","title":{"rendered":"Palkanlaskenta"},"content":{"rendered":"<h2>Tarkka ja luotettava palkanlaskenta<\/h2>\n<p>Palkanlaskenta vaatii tarkkuutta ja luottamuksellisuutta. Laskemme palkat, lomarahat, sairauskorvaukset ja loppupalkat ty\u00f6sopimusten ja voimassa olevan lains\u00e4\u00e4d\u00e4nn\u00f6n mukaisesti.<\/p>\n<h3>Palvelun sis\u00e4lt\u00f6<\/h3>\n<ul>\n<li>Palkanlaskenta ty\u00f6sopimusten mukaisesti<\/li>\n<li>Lomarahojen ja sairauskorvausten laskeminen<\/li>\n<li>Loppupalkkojen laatiminen<\/li>\n<li>TSD-ilmoitusten laatiminen ja j\u00e4tt\u00e4minen<\/li>\n<li>Ty\u00f6ntekij\u00e4rekisterin (T\u00d6R) merkint\u00f6jen hallinta<\/li>\n<li>Palkkalaskelmien laatiminen ja toimittaminen ty\u00f6ntekij\u00f6ille<\/li>\n<li>Luontoisetujen ja matkakulujen laskenta<\/li>\n<\/ul>\n<h3>Miksi valita Elramos?<\/h3>\n<p>Huolehdimme my\u00f6s monimutkaisista tilanteista, kuten luontoiseduista, ulkomaan komennuksista ja kansainv\u00e4lisist\u00e4 ty\u00f6suhteista. Ty\u00f6ntekij\u00e4nne saavat palkkalaskelmansa oikea-aikaisesti ja virheett\u00f6m\u00e4sti, mik\u00e4 parantaa tyytyv\u00e4isyytt\u00e4 ja v\u00e4hent\u00e4\u00e4 hallinnollista taakkaanne.<\/p>","protected":false},"excerpt":{"rendered":"<p>Tarkka palkkojen, lomarahojen ja sairauskorvausten laskenta sek\u00e4 asianmukainen veroilmoitus.<\/p>","protected":false},"author":0,"featured_media":0,"parent":12,"menu_order":0,"comment_status":"closed","ping_status":"closed","template":"page-templates\/template-service.php","meta":{"_acf_changed":false,"footnotes":""},"class_list":["post-14","page","type-page","status-publish","hentry"],"acf":[],"_links":{"self":[{"href":"https:\/\/elramos.ee\/fi\/wp-json\/wp\/v2\/pages\/14","targetHints":{"allow":["GET"]}}],"collection":[{"href":"https:\/\/elramos.ee\/fi\/wp-json\/wp\/v2\/pages"}],"about":[{"href":"https:\/\/elramos.ee\/fi\/wp-json\/wp\/v2\/types\/page"}],"replies":[{"embeddable":true,"href":"https:\/\/elramos.ee\/fi\/wp-json\/wp\/v2\/comments?post=14"}],"version-history":[{"count":1,"href":"https:\/\/elramos.ee\/fi\/wp-json\/wp\/v2\/pages\/14\/revisions"}],"predecessor-version":[{"id":41,"href":"https:\/\/elramos.ee\/fi\/wp-json\/wp\/v2\/pages\/14\/revisions\/41"}],"up":[{"embeddable":true,"href":"https:\/\/elramos.ee\/fi\/wp-json\/wp\/v2\/pages\/12"}],"wp:attachment":[{"href":"https:\/\/elramos.ee\/fi\/wp-json\/wp\/v2\/media?parent=14"}],"curies":[{"name":"wp","href":"https:\/\/api.w.org\/{rel}","templated":true}]}}