{"id":15,"date":"2026-03-17T11:56:50","date_gmt":"2026-03-17T11:56:50","guid":{"rendered":"https:\/\/elramos.ee\/teenused\/maksud-ja-deklaratsioonid\/"},"modified":"2026-03-17T14:45:27","modified_gmt":"2026-03-17T14:45:27","slug":"maksud-ja-deklaratsioonid","status":"publish","type":"page","link":"https:\/\/elramos.ee\/fi\/teenused\/maksud-ja-deklaratsioonid\/","title":{"rendered":"Verot ja ilmoitukset"},"content":{"rendered":"<h2>Verojen ja ilmoitusten j\u00e4tt\u00e4minen<\/h2>\n<p>Ilmoitusten oikea-aikainen ja virheet\u00f6n j\u00e4tt\u00e4minen on kriittisen t\u00e4rke\u00e4\u00e4 sakkojen ja korkojen v\u00e4ltt\u00e4miseksi. Asiantuntijamme huolehtivat kaikista tarvittavista veroilmoituksista ja -selvityksist\u00e4.<\/p>\n<h3>Palvelun sis\u00e4lt\u00f6<\/h3>\n<ul>\n<li>Arvonlis\u00e4veroilmoituksen (KMD) laatiminen ja j\u00e4tt\u00e4minen<\/li>\n<li>Tulo- ja sosiaaliveroilmoituksen (TSD) j\u00e4tt\u00e4minen<\/li>\n<li>Ennakkoveroilmoituksen laatiminen<\/li>\n<li>Tilastollisten raporttien j\u00e4tt\u00e4minen Tilastovirastolle<\/li>\n<li>Intrastat-raportointi<\/li>\n<li>Verojen optimointi laillisesti<\/li>\n<\/ul>\n<h3>Oikea-aikainen j\u00e4tt\u00e4minen<\/h3>\n<p>Analysoimme verovelvoitteenne ja autamme optimoimaan verotaakkaa laillisesti. J\u00e4rjestelm\u00e4mme ja prosessimme varmistavat, ett\u00e4 kaikki raportit saapuvat Vero- ja tullivirastoon ajoissa. \u00c4lk\u00e4\u00e4 huolehtiko m\u00e4\u00e4r\u00e4ajoista \u2014 me seuraamme niit\u00e4 puolestanne.<\/p>","protected":false},"excerpt":{"rendered":"<p>ALV-, TSD- ja muiden valtion ilmoitusten oikea-aikainen ja virheet\u00f6n j\u00e4tt\u00e4minen.<\/p>","protected":false},"author":0,"featured_media":0,"parent":12,"menu_order":0,"comment_status":"closed","ping_status":"closed","template":"page-templates\/template-service.php","meta":{"_acf_changed":false,"footnotes":""},"class_list":["post-15","page","type-page","status-publish","hentry"],"acf":[],"_links":{"self":[{"href":"https:\/\/elramos.ee\/fi\/wp-json\/wp\/v2\/pages\/15","targetHints":{"allow":["GET"]}}],"collection":[{"href":"https:\/\/elramos.ee\/fi\/wp-json\/wp\/v2\/pages"}],"about":[{"href":"https:\/\/elramos.ee\/fi\/wp-json\/wp\/v2\/types\/page"}],"replies":[{"embeddable":true,"href":"https:\/\/elramos.ee\/fi\/wp-json\/wp\/v2\/comments?post=15"}],"version-history":[{"count":1,"href":"https:\/\/elramos.ee\/fi\/wp-json\/wp\/v2\/pages\/15\/revisions"}],"predecessor-version":[{"id":42,"href":"https:\/\/elramos.ee\/fi\/wp-json\/wp\/v2\/pages\/15\/revisions\/42"}],"up":[{"embeddable":true,"href":"https:\/\/elramos.ee\/fi\/wp-json\/wp\/v2\/pages\/12"}],"wp:attachment":[{"href":"https:\/\/elramos.ee\/fi\/wp-json\/wp\/v2\/media?parent=15"}],"curies":[{"name":"wp","href":"https:\/\/api.w.org\/{rel}","templated":true}]}}