{"id":16,"date":"2026-03-17T11:56:50","date_gmt":"2026-03-17T11:56:50","guid":{"rendered":"https:\/\/elramos.ee\/teenused\/aastaaruannete-koostamine\/"},"modified":"2026-03-17T14:45:27","modified_gmt":"2026-03-17T14:45:27","slug":"aastaaruannete-koostamine","status":"publish","type":"page","link":"https:\/\/elramos.ee\/fi\/teenused\/aastaaruannete-koostamine\/","title":{"rendered":"Tilinp\u00e4\u00e4t\u00f6sten laatiminen"},"content":{"rendered":"<h2>Tilinp\u00e4\u00e4t\u00f6sten laatiminen<\/h2>\n<p>Tilinp\u00e4\u00e4t\u00f6s on yrityksen k\u00e4yntikortti. Laadimme perusteelliset ja l\u00e4pin\u00e4kyv\u00e4t tilinp\u00e4\u00e4t\u00f6kset, jotka vastaavat Viron hyv\u00e4n kirjanpitotavan vaatimuksia.<\/p>\n<h3>Palvelun sis\u00e4lt\u00f6<\/h3>\n<ul>\n<li>Taseen, tuloslaskelman ja rahavirtalaskelman laatiminen<\/li>\n<li>Liitteiden ja selvitysten kirjoittaminen<\/li>\n<li>Toimintakertomuksen laatiminen<\/li>\n<li>Tilinp\u00e4\u00e4t\u00f6ksen j\u00e4tt\u00e4minen Kaupparekisteriin<\/li>\n<li>Yhteydenpito tilintarkastajaan (tarvittaessa)<\/li>\n<li>Neuvonta tilinp\u00e4\u00e4t\u00f6ksen sis\u00e4ll\u00f6st\u00e4<\/li>\n<\/ul>\n<h3>Miksi t\u00e4m\u00e4 on t\u00e4rke\u00e4\u00e4?<\/h3>\n<p>Oikea-aikainen j\u00e4tt\u00e4minen on t\u00e4rke\u00e4\u00e4 luottoluokituksen s\u00e4ilytt\u00e4miseksi ja yrityksen hyv\u00e4n maineen yll\u00e4pit\u00e4miseksi. Pakollisten lomakkeiden lis\u00e4ksi autamme laatimaan toimintakertomuksen ja liitteet, jotka antavat sidosryhmille selke\u00e4n kuvan yrityksen tilanteesta.<\/p>","protected":false},"excerpt":{"rendered":"<p>Virheett\u00f6m\u00e4t ja lainmukaiset tilinp\u00e4\u00e4t\u00f6kset kaupparekisteriin j\u00e4tett\u00e4v\u00e4ksi.<\/p>","protected":false},"author":0,"featured_media":0,"parent":12,"menu_order":0,"comment_status":"closed","ping_status":"closed","template":"page-templates\/template-service.php","meta":{"_acf_changed":false,"footnotes":""},"class_list":["post-16","page","type-page","status-publish","hentry"],"acf":[],"_links":{"self":[{"href":"https:\/\/elramos.ee\/fi\/wp-json\/wp\/v2\/pages\/16","targetHints":{"allow":["GET"]}}],"collection":[{"href":"https:\/\/elramos.ee\/fi\/wp-json\/wp\/v2\/pages"}],"about":[{"href":"https:\/\/elramos.ee\/fi\/wp-json\/wp\/v2\/types\/page"}],"replies":[{"embeddable":true,"href":"https:\/\/elramos.ee\/fi\/wp-json\/wp\/v2\/comments?post=16"}],"version-history":[{"count":1,"href":"https:\/\/elramos.ee\/fi\/wp-json\/wp\/v2\/pages\/16\/revisions"}],"predecessor-version":[{"id":43,"href":"https:\/\/elramos.ee\/fi\/wp-json\/wp\/v2\/pages\/16\/revisions\/43"}],"up":[{"embeddable":true,"href":"https:\/\/elramos.ee\/fi\/wp-json\/wp\/v2\/pages\/12"}],"wp:attachment":[{"href":"https:\/\/elramos.ee\/fi\/wp-json\/wp\/v2\/media?parent=16"}],"curies":[{"name":"wp","href":"https:\/\/api.w.org\/{rel}","templated":true}]}}