{"id":17,"date":"2026-03-17T11:56:50","date_gmt":"2026-03-17T11:56:50","guid":{"rendered":"https:\/\/elramos.ee\/teenused\/perioodide-korrastamine\/"},"modified":"2026-03-17T14:45:27","modified_gmt":"2026-03-17T14:45:27","slug":"perioodide-korrastamine","status":"publish","type":"page","link":"https:\/\/elramos.ee\/fi\/teenused\/perioodide-korrastamine\/","title":{"rendered":"Aiempien kausien korjaaminen"},"content":{"rendered":"<h2>Aiempien kausien korjaaminen<\/h2>\n<p>Jos kirjanpito on j\u00e4\u00e4nyt hoitamatta, on syntynyt virheit\u00e4 tai kirjanpit\u00e4j\u00e4 on ollut ep\u00e4p\u00e4tev\u00e4, autamme asiat kuntoon. Suoritamme asiakirjojen tarkastuksen ja palautamme puuttuvat kaudet.<\/p>\n<h3>Palvelun sis\u00e4lt\u00f6<\/h3>\n<ul>\n<li>Olemassa olevan kirjanpidon tarkastus ja virheiden tunnistaminen<\/li>\n<li>Puuttuvien kausien palauttaminen ja kirjaaminen<\/li>\n<li>Asiakirjojen tarkastus ja j\u00e4rjest\u00e4minen<\/li>\n<li>Yhteydenpito Vero- ja tullivirastoon<\/li>\n<li>Verovelkojen ratkaiseminen ja maksuaikataulun laatiminen<\/li>\n<li>Raportoinnin puutteiden korjaaminen<\/li>\n<\/ul>\n<h3>Puhdas alku<\/h3>\n<p>Kunnossa oleva kirjanpito on perusta yrityksen onnistuneelle myynnille, lainan hakemiselle tai yksinkertaisesti mielenrauhalle. Autamme aloittamaan puhtaalta p\u00f6yd\u00e4lt\u00e4 ja varmistamaan, ett\u00e4 jatkossa kaikki on kunnossa.<\/p>","protected":false},"excerpt":{"rendered":"<p>Autamme palauttamaan ja korjaamaan puutteellisen tai tekem\u00e4tt\u00f6m\u00e4n kirjanpidon aiemmilta kausilta.<\/p>","protected":false},"author":0,"featured_media":0,"parent":12,"menu_order":0,"comment_status":"closed","ping_status":"closed","template":"page-templates\/template-service.php","meta":{"_acf_changed":false,"footnotes":""},"class_list":["post-17","page","type-page","status-publish","hentry"],"acf":[],"_links":{"self":[{"href":"https:\/\/elramos.ee\/fi\/wp-json\/wp\/v2\/pages\/17","targetHints":{"allow":["GET"]}}],"collection":[{"href":"https:\/\/elramos.ee\/fi\/wp-json\/wp\/v2\/pages"}],"about":[{"href":"https:\/\/elramos.ee\/fi\/wp-json\/wp\/v2\/types\/page"}],"replies":[{"embeddable":true,"href":"https:\/\/elramos.ee\/fi\/wp-json\/wp\/v2\/comments?post=17"}],"version-history":[{"count":1,"href":"https:\/\/elramos.ee\/fi\/wp-json\/wp\/v2\/pages\/17\/revisions"}],"predecessor-version":[{"id":44,"href":"https:\/\/elramos.ee\/fi\/wp-json\/wp\/v2\/pages\/17\/revisions\/44"}],"up":[{"embeddable":true,"href":"https:\/\/elramos.ee\/fi\/wp-json\/wp\/v2\/pages\/12"}],"wp:attachment":[{"href":"https:\/\/elramos.ee\/fi\/wp-json\/wp\/v2\/media?parent=17"}],"curies":[{"name":"wp","href":"https:\/\/api.w.org\/{rel}","templated":true}]}}