{"id":18,"date":"2026-03-17T11:56:51","date_gmt":"2026-03-17T11:56:51","guid":{"rendered":"https:\/\/elramos.ee\/teenused\/ettevotte-asutamine\/"},"modified":"2026-03-17T14:45:28","modified_gmt":"2026-03-17T14:45:28","slug":"ettevotte-asutamine","status":"publish","type":"page","link":"https:\/\/elramos.ee\/fi\/teenused\/ettevotte-asutamine\/","title":{"rendered":"Yrityksen perustaminen ja arvonlis\u00e4verovelvolliseksi rekister\u00f6ityminen"},"content":{"rendered":"<h2>Yrityksen perustaminen ja arvonlis\u00e4verovelvolliseksi rekister\u00f6ityminen<\/h2>\n<p>Autamme valitsemaan sopivan yritysmuodon ja laatimaan kaikki tarvittavat perustamisasiakirjat. Suoritamme toimenpiteet Kaupparekisteriss\u00e4, jotta yrityksesi rekister\u00f6id\u00e4\u00e4n nopeasti.<\/p>\n<h3>Yrityksen perustaminen<\/h3>\n<ul>\n<li>Sopivan yritysmuodon valinta (O\u00dc, AS, T\u00dc, FIE)<\/li>\n<li>Perustamisasiakirjojen laatiminen (yhti\u00f6j\u00e4rjestys, perustamissopimus)<\/li>\n<li>Rekister\u00f6inti Kaupparekisteriin<\/li>\n<li>Neuvonta osakep\u00e4\u00e4oman maksuista<\/li>\n<li>Hallituksen j\u00e4senten vaihdon hoitaminen<\/li>\n<li>Osoitteen muutos ja muut muutokset<\/li>\n<\/ul>\n<h3>Arvonlis\u00e4verovelvolliseksi rekister\u00f6ityminen<\/h3>\n<ul>\n<li>Hakemuksen laatiminen ja j\u00e4tt\u00e4minen Vero- ja tullivirastolle<\/li>\n<li>Neuvonta siit\u00e4, milloin on j\u00e4rkev\u00e4\u00e4 rekister\u00f6ity\u00e4 vapaaehtoisesti<\/li>\n<li>ALV-numeron mukanaan tuomien oikeuksien ja velvollisuuksien selvitt\u00e4minen<\/li>\n<li>Apu rekisterist\u00e4 poistamisessa toiminnan lopettamisen yhteydess\u00e4<\/li>\n<\/ul>","protected":false},"excerpt":{"rendered":"<p>Konsultointi ja apu uusien yritysten perustamisessa sek\u00e4 arvonlis\u00e4verovelvolliseksi rekister\u00f6itymisess\u00e4.<\/p>","protected":false},"author":0,"featured_media":0,"parent":12,"menu_order":0,"comment_status":"closed","ping_status":"closed","template":"page-templates\/template-service.php","meta":{"_acf_changed":false,"footnotes":""},"class_list":["post-18","page","type-page","status-publish","hentry"],"acf":[],"_links":{"self":[{"href":"https:\/\/elramos.ee\/fi\/wp-json\/wp\/v2\/pages\/18","targetHints":{"allow":["GET"]}}],"collection":[{"href":"https:\/\/elramos.ee\/fi\/wp-json\/wp\/v2\/pages"}],"about":[{"href":"https:\/\/elramos.ee\/fi\/wp-json\/wp\/v2\/types\/page"}],"replies":[{"embeddable":true,"href":"https:\/\/elramos.ee\/fi\/wp-json\/wp\/v2\/comments?post=18"}],"version-history":[{"count":1,"href":"https:\/\/elramos.ee\/fi\/wp-json\/wp\/v2\/pages\/18\/revisions"}],"predecessor-version":[{"id":45,"href":"https:\/\/elramos.ee\/fi\/wp-json\/wp\/v2\/pages\/18\/revisions\/45"}],"up":[{"embeddable":true,"href":"https:\/\/elramos.ee\/fi\/wp-json\/wp\/v2\/pages\/12"}],"wp:attachment":[{"href":"https:\/\/elramos.ee\/fi\/wp-json\/wp\/v2\/media?parent=18"}],"curies":[{"name":"wp","href":"https:\/\/api.w.org\/{rel}","templated":true}]}}