{"id":19,"date":"2026-03-17T11:56:51","date_gmt":"2026-03-17T11:56:51","guid":{"rendered":"https:\/\/elramos.ee\/teenused\/soome-raamatupidamine\/"},"modified":"2026-03-17T14:45:28","modified_gmt":"2026-03-17T14:45:28","slug":"soome-raamatupidamine","status":"publish","type":"page","link":"https:\/\/elramos.ee\/fi\/teenused\/soome-raamatupidamine\/","title":{"rendered":"Suomen kirjanpitopalvelut"},"content":{"rendered":"<h2>Suomen kirjanpitopalvelut<\/h2>\n<p>Suomen veroj\u00e4rjestelm\u00e4 eroaa merkitt\u00e4v\u00e4sti Viron j\u00e4rjestelm\u00e4st\u00e4. Tarjoamme kirjanpitoa Suomen lains\u00e4\u00e4d\u00e4nn\u00f6n mukaisesti, mukaan lukien Verohallinnon raportointi. Asiantuntijoillamme on pitk\u00e4aikainen kokemus rajat ylitt\u00e4v\u00e4n liiketoiminnan neuvonnasta.<\/p>\n<h3>Palvelun sis\u00e4lt\u00f6<\/h3>\n<ul>\n<li>Kirjanpito Suomen lains\u00e4\u00e4d\u00e4nn\u00f6n mukaisesti<\/li>\n<li>Verohallinnon raportoinnin laatiminen ja j\u00e4tt\u00e4minen<\/li>\n<li>Tilaajavastuuvaatimusten t\u00e4ytt\u00e4minen<\/li>\n<li>Rakennusalan erityisraportit<\/li>\n<li>Suomen arvonlis\u00e4veron (ALV) ilmoitukset<\/li>\n<li>Ennakkoperint\u00e4rekisterin hallinta<\/li>\n<li>Kaksinkertaisen verotuksen v\u00e4ltt\u00e4minen<\/li>\n<\/ul>\n<h3>Kenelle palvelu sopii?<\/h3>\n<p>Palvelu on tarkoitettu erityisesti virolaisille yrityksille, jotka toimivat Suomen markkinoilla \u2014 rakennus-, kuljetus-, IT- ja muiden alojen yrityksille. Autamme sek\u00e4 uusia tulokkaita ett\u00e4 jo toimivia yrityksi\u00e4 selviytym\u00e4\u00e4n Suomen byrokratiasta.<\/p>\n<h3>Rajat ylitt\u00e4v\u00e4 kokemus<\/h3>\n<p>Asiantuntijoillamme on pitk\u00e4aikainen kokemus rajat ylitt\u00e4v\u00e4n liiketoiminnan neuvonnasta, auttaen v\u00e4ltt\u00e4m\u00e4\u00e4n kaksinkertaista verotusta ja varmistamaan molempien maiden lains\u00e4\u00e4d\u00e4nn\u00f6n noudattamisen.<\/p>","protected":false},"excerpt":{"rendered":"<p>Kirjanpito ja verolaskenta Suomen markkinoilla toimiville virolaisille yrityksille.<\/p>","protected":false},"author":0,"featured_media":0,"parent":12,"menu_order":0,"comment_status":"closed","ping_status":"closed","template":"page-templates\/template-service.php","meta":{"_acf_changed":false,"footnotes":""},"class_list":["post-19","page","type-page","status-publish","hentry"],"acf":[],"_links":{"self":[{"href":"https:\/\/elramos.ee\/fi\/wp-json\/wp\/v2\/pages\/19","targetHints":{"allow":["GET"]}}],"collection":[{"href":"https:\/\/elramos.ee\/fi\/wp-json\/wp\/v2\/pages"}],"about":[{"href":"https:\/\/elramos.ee\/fi\/wp-json\/wp\/v2\/types\/page"}],"replies":[{"embeddable":true,"href":"https:\/\/elramos.ee\/fi\/wp-json\/wp\/v2\/comments?post=19"}],"version-history":[{"count":1,"href":"https:\/\/elramos.ee\/fi\/wp-json\/wp\/v2\/pages\/19\/revisions"}],"predecessor-version":[{"id":46,"href":"https:\/\/elramos.ee\/fi\/wp-json\/wp\/v2\/pages\/19\/revisions\/46"}],"up":[{"embeddable":true,"href":"https:\/\/elramos.ee\/fi\/wp-json\/wp\/v2\/pages\/12"}],"wp:attachment":[{"href":"https:\/\/elramos.ee\/fi\/wp-json\/wp\/v2\/media?parent=19"}],"curies":[{"name":"wp","href":"https:\/\/api.w.org\/{rel}","templated":true}]}}