{"id":7,"date":"2026-03-17T11:56:39","date_gmt":"2026-03-17T11:56:39","guid":{"rendered":"https:\/\/elramos.ee\/meist\/"},"modified":"2026-03-17T15:43:26","modified_gmt":"2026-03-17T15:43:26","slug":"meist","status":"publish","type":"page","link":"https:\/\/elramos.ee\/fi\/meist\/","title":{"rendered":"Meist\u00e4"},"content":{"rendered":"<p>Elramos O\u00dc on toiminut vuodesta 2007 tarjoten ammattimaisia kirjanpitopalveluja sek\u00e4 virolaisille ett\u00e4 suomalaisille yrityksille.<\/p>\n<p>Perustajamme Raili Uuspuulla on pitk\u00e4aikainen kokemus talousjohtajana, talousp\u00e4\u00e4llikk\u00f6n\u00e4 ja p\u00e4\u00e4kirjanpit\u00e4j\u00e4n\u00e4 useissa kansainv\u00e4lisiss\u00e4 yrityksiss\u00e4, mik\u00e4 antaa meille laajan ymm\u00e4rryksen erilaisista liiketoimintamalleista ja niiden taloustarpeista.<\/p>\n<p>Yhteisty\u00f6n alkaessa sovitaan t\u00f6iden aikataulusta ja raportoinnin tiheydest\u00e4 asiakkaan toiveiden mukaisesti. Jokainen asiakas on meille ainutlaatuinen ja otamme huomioon yrityksen erityispiirteet ja tarpeet.<\/p>","protected":false},"excerpt":{"rendered":"<p>Elramos O\u00dc \u2014 ammattimaiset kirjanpitopalvelut vuodesta 2007.<\/p>","protected":false},"author":0,"featured_media":0,"parent":0,"menu_order":0,"comment_status":"closed","ping_status":"closed","template":"page-templates\/template-about.php","meta":{"_acf_changed":false,"footnotes":""},"class_list":["post-7","page","type-page","status-publish","hentry"],"acf":[],"_links":{"self":[{"href":"https:\/\/elramos.ee\/fi\/wp-json\/wp\/v2\/pages\/7","targetHints":{"allow":["GET"]}}],"collection":[{"href":"https:\/\/elramos.ee\/fi\/wp-json\/wp\/v2\/pages"}],"about":[{"href":"https:\/\/elramos.ee\/fi\/wp-json\/wp\/v2\/types\/page"}],"replies":[{"embeddable":true,"href":"https:\/\/elramos.ee\/fi\/wp-json\/wp\/v2\/comments?post=7"}],"version-history":[{"count":1,"href":"https:\/\/elramos.ee\/fi\/wp-json\/wp\/v2\/pages\/7\/revisions"}],"predecessor-version":[{"id":47,"href":"https:\/\/elramos.ee\/fi\/wp-json\/wp\/v2\/pages\/7\/revisions\/47"}],"wp:attachment":[{"href":"https:\/\/elramos.ee\/fi\/wp-json\/wp\/v2\/media?parent=7"}],"curies":[{"name":"wp","href":"https:\/\/api.w.org\/{rel}","templated":true}]}}